{"id":2587,"date":"2025-06-25T04:42:35","date_gmt":"2025-06-25T04:42:35","guid":{"rendered":"https:\/\/wordpress.themehour.net\/builda\/?page_id=2587"},"modified":"2026-04-25T09:02:10","modified_gmt":"2026-04-25T06:02:10","slug":"team-details","status":"publish","type":"page","link":"https:\/\/yalcinlarinsaat.tr\/index.php\/team-details\/","title":{"rendered":"Team Details"},"content":{"rendered":"\t\t<div data-elementor-type=\"wp-page\" data-elementor-id=\"2587\" class=\"elementor elementor-2587\">\n\t\t\t\t<div class=\"elementor-element elementor-element-59e31af e-flex e-con-boxed e-con e-parent\" data-id=\"59e31af\" data-element_type=\"container\" data-e-type=\"container\">\n\t\t\t\t\t<div class=\"e-con-inner\">\n\t\t<div class=\"elementor-element elementor-element-7b634cf e-con-full e-flex e-con e-child\" data-id=\"7b634cf\" data-element_type=\"container\" data-e-type=\"container\">\n\t\t\t\t<div class=\"elementor-element elementor-element-8bc281b team-details-thumb elementor-widget elementor-widget-image\" data-id=\"8bc281b\" data-element_type=\"widget\" data-e-type=\"widget\" data-widget_type=\"image.default\">\n\t\t\t\t\t\t\t\t\t\t\t\t\t\t\t<img fetchpriority=\"high\" decoding=\"async\" width=\"416\" height=\"442\" src=\"https:\/\/yalcinlarinsaat.tr\/wp-content\/uploads\/2026\/04\/Yurdal-Yalcin-1.png\" class=\"attachment-full size-full wp-image-4964\" alt=\"\" srcset=\"https:\/\/yalcinlarinsaat.tr\/wp-content\/uploads\/2026\/04\/Yurdal-Yalcin-1.png 416w, https:\/\/yalcinlarinsaat.tr\/wp-content\/uploads\/2026\/04\/Yurdal-Yalcin-1-282x300.png 282w, https:\/\/yalcinlarinsaat.tr\/wp-content\/uploads\/2026\/04\/Yurdal-Yalcin-1-100x106.png 100w, https:\/\/yalcinlarinsaat.tr\/wp-content\/uploads\/2026\/04\/Yurdal-Yalcin-1-294x312.png 294w\" sizes=\"(max-width: 416px) 100vw, 416px\" \/>\t\t\t\t\t\t\t\t\t\t\t\t\t\t\t<\/div>\n\t\t\t\t<\/div>\n\t\t<div class=\"elementor-element elementor-element-a17b891 e-con-full e-flex e-con e-child\" data-id=\"a17b891\" data-element_type=\"container\" data-e-type=\"container\">\n\t\t\t\t<div class=\"elementor-element elementor-element-ef321c5 elementor-widget elementor-widget-builda_team_member_info\" data-id=\"ef321c5\" data-element_type=\"widget\" data-e-type=\"widget\" data-widget_type=\"builda_team_member_info.default\">\n\t\t\t\t<div class=\"elementor-widget-container\">\n\t\t\t\t\t        <div class=\"about-page-box\">\r\n            <h2 class=\"mt-n3 fw-semibold mb-1\">Yurdal Yal\u00e7\u0131n<\/h2>\r\n            <p class=\"box-text\">\u0130n\u015faat M\u00fchendisi<\/p>\r\n        <\/div>\r\n\r\n                    <p class=\"mt-30 mb-30\">Yurdal Yal\u00e7\u0131n, in\u015faat m\u00fchendisli\u011fi alan\u0131ndaki tecr\u00fcbesi ve sekt\u00f6re kazand\u0131rd\u0131\u011f\u0131 projelerle tan\u0131nan bir isimdir. Kurucusu oldu\u011fu Yal\u00e7\u0131nlar \u0130n\u015faat ile konut, ticari alan ve sanayi projelerinde kalite, g\u00fcven ve s\u00fcrd\u00fcr\u00fclebilirli\u011fi \u00f6n planda tutarak \u00e7al\u0131\u015fmalar\u0131n\u0131 s\u00fcrd\u00fcrmektedir.<\/p>\r\n        \r\n                    <ul class=\"team-about-list\">\r\n                                    <li>\r\n                        <strong>Telefon <\/strong>\r\n                                                    +90 212 540 65 40                                            <\/li>\r\n                                    <li>\r\n                        <strong>E-mail: <\/strong>\r\n                                                    <a href=\"mailto:info@yalcinlarinsaat.tr\" target=\"_blank\">\r\n                                info@yalcinlarinsaat.tr                            <\/a>\r\n                                            <\/li>\r\n                                    <li>\r\n                        <strong>Website: <\/strong>\r\n                                                    www.yalcinlarinsaat.tr                                            <\/li>\r\n                            <\/ul>\r\n        \r\n                    <div class=\"th-social style7 mt-35\">\r\n                                    <a target=\"_blank\" href=\"https:\/\/facebook.com\">\r\n                        <i class=\"fab fa-facebook-f\"><\/i>\r\n                    <\/a>\r\n                                    <a target=\"_blank\" href=\"https:\/\/twitter.com\">\r\n                        <i class=\"fab fa-twitter\"><\/i>\r\n                    <\/a>\r\n                                    <a target=\"_blank\" href=\"https:\/\/whatsapp.com\">\r\n                        <i class=\"fab fa-whatsapp\"><\/i>\r\n                    <\/a>\r\n                                    <a target=\"_blank\" href=\"https:\/\/instagram.com\">\r\n                        <i class=\"fab fa-instagram\"><\/i>\r\n                    <\/a>\r\n                                    <a target=\"_blank\" href=\"https:\/\/linkedin.com\">\r\n                        <i class=\"fab fa-linkedin-in\"><\/i>\r\n                    <\/a>\r\n                            <\/div>\r\n        \t\t\t\t<\/div>\n\t\t\t\t<\/div>\n\t\t\t\t<\/div>\n\t\t\t\t\t<\/div>\n\t\t\t\t<\/div>\n\t\t<div class=\"elementor-element elementor-element-b31b175 e-flex e-con-boxed e-con e-child\" data-id=\"b31b175\" data-element_type=\"container\" data-e-type=\"container\" data-settings=\"{&quot;background_background&quot;:&quot;classic&quot;}\">\n\t\t\t\t\t<div class=\"e-con-inner\">\n\t\t<div class=\"elementor-element elementor-element-3cba27a e-con-full contact-wrap4 bg-smoke4 e-flex e-con e-child\" data-id=\"3cba27a\" data-element_type=\"container\" data-e-type=\"container\" data-settings=\"{&quot;background_background&quot;:&quot;classic&quot;}\">\n\t\t<div class=\"elementor-element elementor-element-844b121 e-con-full e-flex e-con e-child\" data-id=\"844b121\" data-element_type=\"container\" data-e-type=\"container\">\n\t\t\t\t<div class=\"elementor-element elementor-element-76c3899 elementor-widget elementor-widget-realarcontactform\" data-id=\"76c3899\" data-element_type=\"widget\" data-e-type=\"widget\" data-widget_type=\"realarcontactform.default\">\n\t\t\t\t<div class=\"elementor-widget-container\">\n\t\t\t\t\t<div class=\"appointment-wrap2 bg\"><h2 class=\"form-title text-white\">Bizimle \u0130leti\u015fime Ge\u00e7in<\/h2>\n<div class=\"wpcf7 no-js\" id=\"wpcf7-f622-o1\" lang=\"en-US\" dir=\"ltr\" data-wpcf7-id=\"622\">\n<div class=\"screen-reader-response\"><p role=\"status\" aria-live=\"polite\" aria-atomic=\"true\"><\/p> <ul><\/ul><\/div>\n<form action=\"\/index.php\/wp-json\/wp\/v2\/pages\/2587#wpcf7-f622-o1\" method=\"post\" class=\"wpcf7-form init\" aria-label=\"Contact form\" novalidate=\"novalidate\" data-status=\"init\">\n<fieldset class=\"hidden-fields-container\"><input type=\"hidden\" name=\"_wpcf7\" value=\"622\" \/><input type=\"hidden\" name=\"_wpcf7_version\" value=\"6.1.5\" \/><input type=\"hidden\" name=\"_wpcf7_locale\" value=\"en_US\" \/><input type=\"hidden\" name=\"_wpcf7_unit_tag\" value=\"wpcf7-f622-o1\" \/><input type=\"hidden\" name=\"_wpcf7_container_post\" value=\"0\" \/><input type=\"hidden\" name=\"_wpcf7_posted_data_hash\" value=\"\" \/>\n<\/fieldset>\n<div  class=\"appointment-form\">\r\n    <div class=\"row\">\r\n        <div class=\"form-group style-border2 style-radius col-12\">\r\n            <span class=\"wpcf7-form-control-wrap\" data-name=\"text-999\"><input size=\"40\" maxlength=\"400\" class=\"wpcf7-form-control wpcf7-text wpcf7-validates-as-required form-control\" id=\"text-999\" aria-required=\"true\" aria-invalid=\"false\" placeholder=\"Your Name*\" value=\"\" type=\"text\" name=\"text-999\" \/><\/span><i class=\"fal fa-user\"><\/i>\r\n        <\/div>\r\n        <div class=\"form-group style-border2 style-radius col-12\">\r\n            <span class=\"wpcf7-form-control-wrap\" data-name=\"email-717\"><input size=\"40\" maxlength=\"400\" class=\"wpcf7-form-control wpcf7-email wpcf7-validates-as-required wpcf7-text wpcf7-validates-as-email form-control\" id=\"email-717\" aria-required=\"true\" aria-invalid=\"false\" placeholder=\"Your Email*\" value=\"\" type=\"email\" name=\"email-717\" \/><\/span><i class=\"fal fa-envelope\"><\/i>\r\n        <\/div>\r\n        <div class=\"form-group style-border2 style-radius col-md-12\">\r\n            <span class=\"wpcf7-form-control-wrap\" data-name=\"menu-837\"><select class=\"wpcf7-form-control wpcf7-select wpcf7-validates-as-required form-select\" id=\"menu-837\" aria-required=\"true\" aria-invalid=\"false\" name=\"menu-837\"><option value=\"Real Estate\">Real Estate<\/option><option value=\"Apartment\">Apartment<\/option><option value=\"Residencial\">Residencial<\/option><option value=\"Deluxe\">Deluxe<\/option><\/select><\/span><i class=\"fal fa-angle-down\"><\/i>\r\n        <\/div>\r\n        <div class=\"col-12 form-group style-border2 style-radius\">\r\n            <i class=\"far fa-comments\"><\/i>\r\n            <span class=\"wpcf7-form-control-wrap\" data-name=\"textarea-873\"><textarea cols=\"40\" rows=\"10\" maxlength=\"2000\" class=\"wpcf7-form-control wpcf7-textarea form-control\" id=\"textarea-873\" aria-invalid=\"false\" placeholder=\"Type Your Message\" name=\"textarea-873\"><\/textarea><\/span>\r\n        <\/div>\r\n        <div class=\"col-12 form-btn mt-4\">\r\n            <button class=\"th-btn\">Submit Message <span class=\"btn-icon\"><img decoding=\"async\" src=\"https:\/\/wordpress.themeholy.com\/realar\/wp-content\/uploads\/2024\/05\/paper-plane.svg\" alt=\"img\"><\/span><\/button>\r\n        <\/div>\r\n    <\/div>\r\n    <p class=\"form-messages mb-0 mt-3\"><\/p>\r\n<\/div><div class=\"wpcf7-response-output\" aria-hidden=\"true\"><\/div>\n<\/form>\n<\/div>\n<\/div>\t\t\t\t<\/div>\n\t\t\t\t<\/div>\n\t\t\t\t<\/div>\n\t\t<div class=\"elementor-element elementor-element-ec61223 e-con-full e-flex e-con e-child\" data-id=\"ec61223\" data-element_type=\"container\" data-e-type=\"container\">\n\t\t\t\t<div class=\"elementor-element elementor-element-ef2bd0e contact-thumb4-1 elementor-widget elementor-widget-image\" data-id=\"ef2bd0e\" data-element_type=\"widget\" data-e-type=\"widget\" data-widget_type=\"image.default\">\n\t\t\t\t\t\t\t\t\t\t\t\t\t\t\t<img decoding=\"async\" width=\"890\" height=\"761\" src=\"https:\/\/yalcinlarinsaat.tr\/wp-content\/uploads\/2026\/04\/alt.png\" class=\"attachment-full size-full wp-image-4767\" alt=\"\" srcset=\"https:\/\/yalcinlarinsaat.tr\/wp-content\/uploads\/2026\/04\/alt.png 890w, https:\/\/yalcinlarinsaat.tr\/wp-content\/uploads\/2026\/04\/alt-300x257.png 300w, https:\/\/yalcinlarinsaat.tr\/wp-content\/uploads\/2026\/04\/alt-768x657.png 768w, https:\/\/yalcinlarinsaat.tr\/wp-content\/uploads\/2026\/04\/alt-600x513.png 600w\" sizes=\"(max-width: 890px) 100vw, 890px\" \/>\t\t\t\t\t\t\t\t\t\t\t\t\t\t\t<\/div>\n\t\t\t\t<\/div>\n\t\t\t\t<\/div>\n\t\t\t\t\t<\/div>\n\t\t\t\t<\/div>\n\t\t\t\t<\/div>\n\t\t","protected":false},"excerpt":{"rendered":"<p>Yurdal Yal\u00e7\u0131n \u0130n\u015faat M\u00fchendisi Yurdal Yal\u00e7\u0131n, in\u015faat m\u00fchendisli\u011fi alan\u0131ndaki tecr\u00fcbesi ve sekt\u00f6re kazand\u0131rd\u0131\u011f\u0131 projelerle tan\u0131nan bir isimdir. Kurucusu oldu\u011fu Yal\u00e7\u0131nlar \u0130n\u015faat ile konut, ticari alan ve sanayi projelerinde kalite, g\u00fcven ve s\u00fcrd\u00fcr\u00fclebilirli\u011fi \u00f6n planda tutarak \u00e7al\u0131\u015fmalar\u0131n\u0131 s\u00fcrd\u00fcrmektedir. Telefon +90 212 540 65 40 E-mail: info@yalcinlarinsaat.tr Website: www.yalcinlarinsaat.tr Bizimle \u0130leti\u015fime Ge\u00e7in Real EstateApartmentResidencialDeluxe Submit Message<\/p>\n","protected":false},"author":1,"featured_media":0,"parent":0,"menu_order":0,"comment_status":"closed","ping_status":"closed","template":"template-builder.php","meta":{"footnotes":""},"class_list":["post-2587","page","type-page","status-publish","hentry"],"_links":{"self":[{"href":"https:\/\/yalcinlarinsaat.tr\/index.php\/wp-json\/wp\/v2\/pages\/2587","targetHints":{"allow":["GET"]}}],"collection":[{"href":"https:\/\/yalcinlarinsaat.tr\/index.php\/wp-json\/wp\/v2\/pages"}],"about":[{"href":"https:\/\/yalcinlarinsaat.tr\/index.php\/wp-json\/wp\/v2\/types\/page"}],"author":[{"embeddable":true,"href":"https:\/\/yalcinlarinsaat.tr\/index.php\/wp-json\/wp\/v2\/users\/1"}],"replies":[{"embeddable":true,"href":"https:\/\/yalcinlarinsaat.tr\/index.php\/wp-json\/wp\/v2\/comments?post=2587"}],"version-history":[{"count":16,"href":"https:\/\/yalcinlarinsaat.tr\/index.php\/wp-json\/wp\/v2\/pages\/2587\/revisions"}],"predecessor-version":[{"id":5044,"href":"https:\/\/yalcinlarinsaat.tr\/index.php\/wp-json\/wp\/v2\/pages\/2587\/revisions\/5044"}],"wp:attachment":[{"href":"https:\/\/yalcinlarinsaat.tr\/index.php\/wp-json\/wp\/v2\/media?parent=2587"}],"curies":[{"name":"wp","href":"https:\/\/api.w.org\/{rel}","templated":true}]}}