{"id":2568,"date":"2025-06-25T03:27:14","date_gmt":"2025-06-25T03:27:14","guid":{"rendered":"https:\/\/wordpress.themehour.net\/builda\/?page_id=2568"},"modified":"2026-04-27T17:32:36","modified_gmt":"2026-04-27T14:32:36","slug":"hanzade-konaklari","status":"publish","type":"page","link":"https:\/\/yalcinlarinsaat.tr\/index.php\/hanzade-konaklari\/","title":{"rendered":"Hanzade Konaklar\u0131"},"content":{"rendered":"\t\t<div data-elementor-type=\"wp-page\" data-elementor-id=\"2568\" class=\"elementor elementor-2568\">\n\t\t\t\t<div class=\"elementor-element elementor-element-f5f2d97 e-flex e-con-boxed e-con e-parent\" data-id=\"f5f2d97\" data-element_type=\"container\" data-e-type=\"container\">\n\t\t\t\t\t<div class=\"e-con-inner\">\n\t\t<div class=\"elementor-element elementor-element-a0b1c07 e-con-full e-flex e-con e-child\" data-id=\"a0b1c07\" data-element_type=\"container\" data-e-type=\"container\">\n\t\t\t\t<div class=\"elementor-element elementor-element-3d56ac5 page-img elementor-widget elementor-widget-image\" data-id=\"3d56ac5\" data-element_type=\"widget\" data-e-type=\"widget\" data-widget_type=\"image.default\">\n\t\t\t\t\t\t\t\t\t\t\t\t\t\t\t<img fetchpriority=\"high\" decoding=\"async\" width=\"1296\" height=\"700\" src=\"https:\/\/yalcinlarinsaat.tr\/wp-content\/uploads\/2026\/04\/HanzadeKonaklari.png\" class=\"attachment-full size-full wp-image-4951\" alt=\"\" srcset=\"https:\/\/yalcinlarinsaat.tr\/wp-content\/uploads\/2026\/04\/HanzadeKonaklari.png 1296w, https:\/\/yalcinlarinsaat.tr\/wp-content\/uploads\/2026\/04\/HanzadeKonaklari-300x162.png 300w, https:\/\/yalcinlarinsaat.tr\/wp-content\/uploads\/2026\/04\/HanzadeKonaklari-1024x553.png 1024w, https:\/\/yalcinlarinsaat.tr\/wp-content\/uploads\/2026\/04\/HanzadeKonaklari-768x415.png 768w, https:\/\/yalcinlarinsaat.tr\/wp-content\/uploads\/2026\/04\/HanzadeKonaklari-600x324.png 600w\" sizes=\"(max-width: 1296px) 100vw, 1296px\" \/>\t\t\t\t\t\t\t\t\t\t\t\t\t\t\t<\/div>\n\t\t\t\t<\/div>\n\t\t\t\t\t<\/div>\n\t\t\t\t<\/div>\n\t\t<div class=\"elementor-element elementor-element-b3d66f6 e-flex e-con-boxed e-con e-parent\" data-id=\"b3d66f6\" data-element_type=\"container\" data-e-type=\"container\">\n\t\t\t\t\t<div class=\"e-con-inner\">\n\t\t<div class=\"elementor-element elementor-element-9cf28af e-con-full e-flex e-con e-child\" data-id=\"9cf28af\" data-element_type=\"container\" data-e-type=\"container\">\n\t\t<div class=\"elementor-element elementor-element-beb51f8 e-con-full page-single mt-30 e-flex e-con e-child\" data-id=\"beb51f8\" data-element_type=\"container\" data-e-type=\"container\">\n\t\t\t\t<div class=\"elementor-element elementor-element-a4d69a5 elementor-widget elementor-widget-text-editor\" data-id=\"a4d69a5\" data-element_type=\"widget\" data-e-type=\"widget\" data-widget_type=\"text-editor.default\">\n\t\t\t\t\t\t\t\t\t<p class=\"text-theme mb-0\">Yal\u00e7\u0131nlar \u0130n\u015faat<\/p><h2 class=\"fw-semibold mb-3\">Hanzade Konaklar\u0131<\/h2><p class=\"mb-40\">Sizin i\u00e7in \u00f6zg\u00fcr alanlar b\u0131rakt\u0131\u011f\u0131m\u0131z projemizde hayat eve geldi\u011finizde ba\u015flar. Mimarl\u0131\u011f\u0131n estetikle bulu\u015ftu\u011fu esteti\u011fin konfora d\u00f6n\u00fc\u015ft\u00fc\u011f\u00fc ve her ayr\u0131nt\u0131n\u0131n sizler i\u00e7in d\u00fc\u015f\u00fcn\u00fcld\u00fc\u011f\u00fc bir ya\u015fam kalitesiyle mutlulu\u011fun perdeleri yeniden aralan\u0131yor.<\/p><p>Herkesin ortak bulu\u015fma noktas\u0131 olacak sosyal alanlar\u0131m\u0131zda misafirlerinizi a\u011f\u0131rlayabilir kom\u015fuluk ili\u015fkilerinizi geli\u015ftirerek sevdiklerinizle birlikte g\u00fcn\u00fcn keyfini \u00e7\u0131kartaca\u011f\u0131n\u0131z bir ya\u015fam sizi bekliyor.<\/p><p>Herkesi mutlu edecek rahat ula\u015f\u0131m \u00f6zelli\u011fi, yemye\u015fil bah\u00e7elerin g\u00fczelli\u011fi, sosyal imkanlar\u0131 ve \u00f6zel mimarisiyle hayat\u0131n\u0131zdaki en \u00f6nemli karar olmaya aday&#8230;<\/p><h4 class=\"fw-semibold mb-30 mt-45\">Hayata Zaman Ay\u0131r<\/h4>\t\t\t\t\t\t\t\t<\/div>\n\t\t\t\t<div class=\"elementor-element elementor-element-8aac5aa elementor-widget elementor-widget-text-editor\" data-id=\"8aac5aa\" data-element_type=\"widget\" data-e-type=\"widget\" data-widget_type=\"text-editor.default\">\n\t\t\t\t\t\t\t\t\t<div class=\"row gx-40 gy-40 align-items-center\"><div class=\"col-xl-5\"><div class=\"page-img\"><img decoding=\"async\" class=\"alignnone size-medium wp-image-4389\" src=\"https:\/\/yalcinlarinsaat.tr\/wp-content\/uploads\/2026\/04\/2-300x158.png\" alt=\"\" width=\"300\" height=\"158\" srcset=\"https:\/\/yalcinlarinsaat.tr\/wp-content\/uploads\/2026\/04\/2-300x158.png 300w, https:\/\/yalcinlarinsaat.tr\/wp-content\/uploads\/2026\/04\/2-600x317.png 600w, https:\/\/yalcinlarinsaat.tr\/wp-content\/uploads\/2026\/04\/2.png 636w\" sizes=\"(max-width: 300px) 100vw, 300px\" \/><\/div><\/div><div class=\"col-xl-7\"><div class=\"checklist style5\"><ul><li>Silivri&#8217;de yeni bir hayat<\/li><li>\u00c7ocuklar\u0131n\u0131z i\u00e7in a\u00e7\u0131k oyun park\u0131<\/li><li>Her daire i\u00e7in \u00f6zel tahsis kapal\u0131 otopark<\/li><li>Kamelya Alan\u0131<\/li><li>A\u00e7\u0131k\u00a0 havuz<\/li><li>4 Blok<\/li><li>Hamam &amp; Sauna<\/li><\/ul><\/div><\/div><\/div>\t\t\t\t\t\t\t\t<\/div>\n\t\t\t\t<div class=\"elementor-element elementor-element-7086f3b elementor-widget elementor-widget-text-editor\" data-id=\"7086f3b\" data-element_type=\"widget\" data-e-type=\"widget\" data-widget_type=\"text-editor.default\">\n\t\t\t\t\t\t\t\t\t<p><strong>Hanzade Konaklar\u0131 &#8211; Silivri<\/strong><\/p><p class=\"mb-30\">Mutluluk, ya\u015fam\u0131n\u0131z\u0131 d\u00fc\u015flerinizinde \u00f6tesine ge\u00e7irebilen bir se\u00e7imdir. Kayna\u011f\u0131 hep i\u00e7inizde olsada ya\u015fad\u0131\u011f\u0131n\u0131z d\u00fcnyada \u015fekillenir. Bir baba i\u00e7in huzurlu bir ya\u015famd\u0131r mutluluk, bir anne i\u00e7in yavrular\u0131na sa\u011flad\u0131\u011f\u0131 g\u00fcvenli gelecektir. \u00e7ocuklar\u0131 i\u00e7in mutluluk, doyas\u0131ya ko\u015fup oynad\u0131klar\u0131nda i\u00e7lerine dolan o saf ne\u015fedir.<\/p><p>Aile olmak hayata mutlulu\u011fun tohumunu ekmek gibidir. Hayata ekilen bu tohum ancak s\u0131cak bir yuvada ye\u015ferir. Ye\u015filiyle, suyuyla, e\u011flencesi ve huzuruyla, sonsuz bir mutlulu\u011fun yuvan\u0131zda filizlenip ailenizi kucaklamas\u0131 i\u00e7in gereken her \u015fey; ya\u015fam\u0131n\u0131z\u0131n t\u00fcm sabahlar\u0131na mutlu uyanaca\u011f\u0131n\u0131z\u00a0 HANZADE KONAKLARI&#8217;nda&#8230;<\/p><div class=\"row gx-40 gy-40 align-items-center\"><div class=\"col-lg-6\"><div class=\"page-img\">\u00a0<\/div><div>\u00a0<\/div><\/div><div class=\"col-lg-6\"><div class=\"page-img\">\u00a0<\/div><\/div><\/div>\t\t\t\t\t\t\t\t<\/div>\n\t\t\t\t<\/div>\n\t\t<div class=\"elementor-element elementor-element-b0caf13 e-con-full e-flex e-con e-child\" data-id=\"b0caf13\" data-element_type=\"container\" data-e-type=\"container\">\n\t\t\t\t<div class=\"elementor-element elementor-element-999a0bd elementor-widget elementor-widget-builda_project_info\" data-id=\"999a0bd\" data-element_type=\"widget\" data-e-type=\"widget\" data-widget_type=\"builda_project_info.default\">\n\t\t\t\t<div class=\"elementor-widget-container\">\n\t\t\t\t\t\r\n        <div class=\"widget widget_info\">\r\r\n            \r\n                <h3 class=\"widget_title\">Hanzade Konaklar\u0131<\/h3>\r\r\n            \r\n            <div class=\"info-list\">\r\r\n                <ul>\r\r\n                    \r\n                        <li>\r\r\n                            <div class=\"box-icon\">\r\r\n                                <i class=\"fas fa-user\"><\/i>\r\r\n                            <\/div>\r\r\n                            <div>\r\r\n                                <span class=\"text\">Hanzade Konaklar\u0131<\/span>\r\r\n                                <strong class=\"title\">4 Blok Site<\/strong>\r\r\n                            <\/div>\r\r\n                        <\/li>\r\r\n                    \r\n                        <li>\r\r\n                            <div class=\"box-icon\">\r\r\n                                <i class=\"fas fa-layer-group\"><\/i>\r\r\n                            <\/div>\r\r\n                            <div>\r\r\n                                <span class=\"text\">2+1<\/span>\r\r\n                                <strong class=\"title\">Daire Se\u00e7enekleri<\/strong>\r\r\n                            <\/div>\r\r\n                        <\/li>\r\r\n                    \r\n                        <li>\r\r\n                            <div class=\"box-icon\">\r\r\n                                <i class=\"fas fa-calendar-days\"><\/i>\r\r\n                            <\/div>\r\r\n                            <div>\r\r\n                                <span class=\"text\">3+1<\/span>\r\r\n                                <strong class=\"title\">Daire Se\u00e7enekleri<\/strong>\r\r\n                            <\/div>\r\r\n                        <\/li>\r\r\n                    \r\n                        <li>\r\r\n                            <div class=\"box-icon\">\r\r\n                                <i class=\"fas fa-map-marker-alt\"><\/i>\r\r\n                            <\/div>\r\r\n                            <div>\r\r\n                                <span class=\"text\">4+1<\/span>\r\r\n                                <strong class=\"title\">Daire Se\u00e7enekleri<\/strong>\r\r\n                            <\/div>\r\r\n                        <\/li>\r\r\n                    \r\n                <\/ul>\r\r\n            <\/div>\r\r\n        <\/div>\r\r\n        \t\t\t\t<\/div>\n\t\t\t\t<\/div>\n\t\t\t\t<div class=\"elementor-element elementor-element-358929c elementor-widget elementor-widget-builda_call_widget\" data-id=\"358929c\" data-element_type=\"widget\" data-e-type=\"widget\" data-widget_type=\"builda_call_widget.default\">\n\t\t\t\t<div class=\"elementor-widget-container\">\n\t\t\t\t\t\r\n\r\r\n        <div class=\"widget widget_call\">\r\r\n            \r\n                <div class=\"play-btn\">\r\r\n                    <i class=\"\u0130leti\u015fim\"><\/i>\r\r\n                <\/div>\r\r\n            \r\n\r\r\n            \r\n                <h4 class=\"box-title\">Siz Hayal Edin, Biz Ger\u00e7ekle\u015ftirelim<\/h4>\r\r\n            \r\n\r\r\n            \r\n                <a href=\"tel:+4446729\" class=\"call\">\r\r\n                    444 67 29 \r\n                <\/a>\r\r\n            \r\n\r\r\n            \r\n                <a href=\"\/index.php\/iletisim\/\" \r\r\n                   class=\"th-btn style4 btn-sm th-btn-icon\"\r\r\n                   >\r\r\n                    \u0130leti\u015fim\r\n                <\/a>\r\r\n            \r\n        <\/div>\r\r\n\r\r\n        \t\t\t\t<\/div>\n\t\t\t\t<\/div>\n\t\t\t\t<\/div>\n\t\t\t\t<\/div>\n\t\t\t\t\t<\/div>\n\t\t\t\t<\/div>\n\t\t\t\t<\/div>\n\t\t","protected":false},"excerpt":{"rendered":"<p>Yal\u00e7\u0131nlar \u0130n\u015faat Hanzade Konaklar\u0131 Sizin i\u00e7in \u00f6zg\u00fcr alanlar b\u0131rakt\u0131\u011f\u0131m\u0131z projemizde hayat eve geldi\u011finizde ba\u015flar. Mimarl\u0131\u011f\u0131n estetikle bulu\u015ftu\u011fu esteti\u011fin konfora d\u00f6n\u00fc\u015ft\u00fc\u011f\u00fc ve her ayr\u0131nt\u0131n\u0131n sizler i\u00e7in d\u00fc\u015f\u00fcn\u00fcld\u00fc\u011f\u00fc bir ya\u015fam kalitesiyle mutlulu\u011fun perdeleri yeniden aralan\u0131yor. Herkesin ortak bulu\u015fma noktas\u0131 olacak sosyal alanlar\u0131m\u0131zda misafirlerinizi a\u011f\u0131rlayabilir kom\u015fuluk ili\u015fkilerinizi geli\u015ftirerek sevdiklerinizle birlikte g\u00fcn\u00fcn keyfini \u00e7\u0131kartaca\u011f\u0131n\u0131z bir ya\u015fam sizi bekliyor. Herkesi&#8230;<\/p>\n","protected":false},"author":1,"featured_media":0,"parent":0,"menu_order":0,"comment_status":"closed","ping_status":"closed","template":"template-builder.php","meta":{"footnotes":""},"class_list":["post-2568","page","type-page","status-publish","hentry"],"_links":{"self":[{"href":"https:\/\/yalcinlarinsaat.tr\/index.php\/wp-json\/wp\/v2\/pages\/2568","targetHints":{"allow":["GET"]}}],"collection":[{"href":"https:\/\/yalcinlarinsaat.tr\/index.php\/wp-json\/wp\/v2\/pages"}],"about":[{"href":"https:\/\/yalcinlarinsaat.tr\/index.php\/wp-json\/wp\/v2\/types\/page"}],"author":[{"embeddable":true,"href":"https:\/\/yalcinlarinsaat.tr\/index.php\/wp-json\/wp\/v2\/users\/1"}],"replies":[{"embeddable":true,"href":"https:\/\/yalcinlarinsaat.tr\/index.php\/wp-json\/wp\/v2\/comments?post=2568"}],"version-history":[{"count":38,"href":"https:\/\/yalcinlarinsaat.tr\/index.php\/wp-json\/wp\/v2\/pages\/2568\/revisions"}],"predecessor-version":[{"id":5073,"href":"https:\/\/yalcinlarinsaat.tr\/index.php\/wp-json\/wp\/v2\/pages\/2568\/revisions\/5073"}],"wp:attachment":[{"href":"https:\/\/yalcinlarinsaat.tr\/index.php\/wp-json\/wp\/v2\/media?parent=2568"}],"curies":[{"name":"wp","href":"https:\/\/api.w.org\/{rel}","templated":true}]}}