{"id":2450,"date":"2025-06-24T09:16:38","date_gmt":"2025-06-24T09:16:38","guid":{"rendered":"https:\/\/wordpress.themehour.net\/builda\/?page_id=2450"},"modified":"2026-04-20T20:56:48","modified_gmt":"2026-04-20T17:56:48","slug":"iletisim","status":"publish","type":"page","link":"https:\/\/yalcinlarinsaat.tr\/index.php\/iletisim\/","title":{"rendered":"\u0130leti\u015fim"},"content":{"rendered":"\t\t<div data-elementor-type=\"wp-page\" data-elementor-id=\"2450\" class=\"elementor elementor-2450\">\n\t\t\t\t<div class=\"elementor-element elementor-element-997e4b3 e-con-full e-flex e-con e-parent\" data-id=\"997e4b3\" data-element_type=\"container\" data-e-type=\"container\" data-settings=\"{&quot;background_background&quot;:&quot;classic&quot;}\">\n\t\t<div class=\"elementor-element elementor-element-f383780 e-flex e-con-boxed e-con e-child\" data-id=\"f383780\" data-element_type=\"container\" data-e-type=\"container\">\n\t\t\t\t\t<div class=\"e-con-inner\">\n\t\t\t\t<div class=\"elementor-element elementor-element-0ee35cc elementor-widget elementor-widget-realarsectiontitle\" data-id=\"0ee35cc\" data-element_type=\"widget\" data-e-type=\"widget\" data-widget_type=\"realarsectiontitle.default\">\n\t\t\t\t<div class=\"elementor-widget-container\">\n\t\t\t\t\t\t\t<div class=\"title-area text-center \">\r\n\t\t\t<span class=\"sub-title text-title common-title \">Yal\u00e7\u0131nlar \u0130n\u015faat<\/span><h2 class=\"sec-title \">G\u00fc\u00e7l\u00fc Yap\u0131lar, Mutlu Ya\u015famlar<\/h2>\t\t<\/div>\r\n\r\n\t\t\t\t\t<\/div>\n\t\t\t\t<\/div>\n\t\t\t\t<div class=\"elementor-element elementor-element-9b5f0ec elementor-widget elementor-widget-realarcontactinfo\" data-id=\"9b5f0ec\" data-element_type=\"widget\" data-e-type=\"widget\" data-widget_type=\"realarcontactinfo.default\">\n\t\t\t\t<div class=\"elementor-widget-container\">\n\t\t\t\t\t<div class=\"row gy-4 justify-content-center\"><div class=\"col-xl-4 col-lg-6\"><div class=\"about-contact-grid\"><div class=\"about-contact-icon\"><i class=\"fal fa-location-dot\"><\/i><\/div><div class=\"about-contact-details\"><h6 class=\"about-contact-details-title title\">\u0130leti\u015fim Bilgileri<\/h6><div class=\"info\"><p class=\"about-contact-details-text\">Kavakl\u0131 Mahallesi \u00c7a\u011f Sokak No:4 Daire: 3 Beylikd\u00fcz\u00fc \u0130stanbul<\/p><\/div><\/div><\/div><\/div><div class=\"col-xl-4 col-lg-6\"><div class=\"about-contact-grid\"><div class=\"about-contact-icon\"><i class=\"fal fa-phone\"><\/i><\/div><div class=\"about-contact-details\"><h6 class=\"about-contact-details-title title\">Telefonlar<\/h6><div class=\"info\"><p class=\"about-contact-details-text\"><a href=\"tel:+902125096540\">+90 212 509 65 40<\/a><\/p><p class=\"about-contact-details-text\"><a href=\"tel:+902126940504\">+90 212 694 05 04<\/a><\/p><\/div><\/div><\/div><\/div><div class=\"col-xl-4 col-lg-6\"><div class=\"about-contact-grid\"><div class=\"about-contact-icon\"><i class=\"fal fa-envelope\"><\/i><\/div><div class=\"about-contact-details\"><h6 class=\"about-contact-details-title title\">E-Mail<\/h6><div class=\"info\"><p class=\"about-contact-details-text\"><a href=\"mailto:info@yalcinlarinsaat.tr\">info@yalcinlarinsaat.tr<\/a><\/p><p class=\"about-contact-details-text\">\u00a0<\/p><\/div><\/div><\/div><\/div><\/div>\t\t\t\t<\/div>\n\t\t\t\t<\/div>\n\t\t\t\t\t<\/div>\n\t\t\t\t<\/div>\n\t\t\t\t<\/div>\n\t\t<div class=\"elementor-element elementor-element-49a2d28 e-con-full e-flex e-con e-parent\" data-id=\"49a2d28\" data-element_type=\"container\" data-e-type=\"container\" data-settings=\"{&quot;background_background&quot;:&quot;classic&quot;}\">\n\t\t\t\t<div class=\"elementor-element elementor-element-0644c9b elementor-widget elementor-widget-realarshapeimage\" data-id=\"0644c9b\" data-element_type=\"widget\" data-e-type=\"widget\" data-widget_type=\"realarshapeimage.default\">\n\t\t\t\t<div class=\"elementor-widget-container\">\n\t\t\t\t\t<!-- Image --><div class=\"shape-mockup  jump d-xl-block d-none\" data-top=\"60%\" data-left=\"0.1%\"><img decoding=\"async\" src=\"https:\/\/wordpress.themehour.net\/builda\/wp-content\/uploads\/2025\/06\/section_shape_2_3.png\" alt=\"Shape Image\" ><\/div><!-- End Image -->\t\t\t\t<\/div>\n\t\t\t\t<\/div>\n\t\t<div class=\"elementor-element elementor-element-bf7839e e-flex e-con-boxed e-con e-child\" data-id=\"bf7839e\" data-element_type=\"container\" data-e-type=\"container\">\n\t\t\t\t\t<div class=\"e-con-inner\">\n\t\t<div class=\"elementor-element elementor-element-d27e6ad e-con-full e-flex e-con e-child\" data-id=\"d27e6ad\" data-element_type=\"container\" data-e-type=\"container\">\n\t\t\t\t<div class=\"elementor-element elementor-element-8f7ccbc elementor-widget elementor-widget-realarcontactform\" data-id=\"8f7ccbc\" data-element_type=\"widget\" data-e-type=\"widget\" data-widget_type=\"realarcontactform.default\">\n\t\t\t\t<div class=\"elementor-widget-container\">\n\t\t\t\t\t<div class=\"appointment-wrap2 bg\"><h2 class=\"form-title text-white\"> \u0130leti\u015fime Ge\u00e7in<\/h2>\n<div class=\"wpcf7 no-js\" id=\"wpcf7-f622-o1\" lang=\"en-US\" dir=\"ltr\" data-wpcf7-id=\"622\">\n<div class=\"screen-reader-response\"><p role=\"status\" aria-live=\"polite\" aria-atomic=\"true\"><\/p> <ul><\/ul><\/div>\n<form action=\"\/index.php\/wp-json\/wp\/v2\/pages\/2450#wpcf7-f622-o1\" method=\"post\" class=\"wpcf7-form init\" aria-label=\"Contact form\" novalidate=\"novalidate\" data-status=\"init\">\n<fieldset class=\"hidden-fields-container\"><input type=\"hidden\" name=\"_wpcf7\" value=\"622\" \/><input type=\"hidden\" name=\"_wpcf7_version\" value=\"6.1.5\" \/><input type=\"hidden\" name=\"_wpcf7_locale\" value=\"en_US\" \/><input type=\"hidden\" name=\"_wpcf7_unit_tag\" value=\"wpcf7-f622-o1\" \/><input type=\"hidden\" name=\"_wpcf7_container_post\" value=\"0\" \/><input type=\"hidden\" name=\"_wpcf7_posted_data_hash\" value=\"\" \/>\n<\/fieldset>\n<div  class=\"appointment-form\">\r\n    <div class=\"row\">\r\n        <div class=\"form-group style-border2 style-radius col-12\">\r\n            <span class=\"wpcf7-form-control-wrap\" data-name=\"text-999\"><input size=\"40\" maxlength=\"400\" class=\"wpcf7-form-control wpcf7-text wpcf7-validates-as-required form-control\" id=\"text-999\" aria-required=\"true\" aria-invalid=\"false\" placeholder=\"Your Name*\" value=\"\" type=\"text\" name=\"text-999\" \/><\/span><i class=\"fal fa-user\"><\/i>\r\n        <\/div>\r\n        <div class=\"form-group style-border2 style-radius col-12\">\r\n            <span class=\"wpcf7-form-control-wrap\" data-name=\"email-717\"><input size=\"40\" maxlength=\"400\" class=\"wpcf7-form-control wpcf7-email wpcf7-validates-as-required wpcf7-text wpcf7-validates-as-email form-control\" id=\"email-717\" aria-required=\"true\" aria-invalid=\"false\" placeholder=\"Your Email*\" value=\"\" type=\"email\" name=\"email-717\" \/><\/span><i class=\"fal fa-envelope\"><\/i>\r\n        <\/div>\r\n        <div class=\"form-group style-border2 style-radius col-md-12\">\r\n            <span class=\"wpcf7-form-control-wrap\" data-name=\"menu-837\"><select class=\"wpcf7-form-control wpcf7-select wpcf7-validates-as-required form-select\" id=\"menu-837\" aria-required=\"true\" aria-invalid=\"false\" name=\"menu-837\"><option value=\"Real Estate\">Real Estate<\/option><option value=\"Apartment\">Apartment<\/option><option value=\"Residencial\">Residencial<\/option><option value=\"Deluxe\">Deluxe<\/option><\/select><\/span><i class=\"fal fa-angle-down\"><\/i>\r\n        <\/div>\r\n        <div class=\"col-12 form-group style-border2 style-radius\">\r\n            <i class=\"far fa-comments\"><\/i>\r\n            <span class=\"wpcf7-form-control-wrap\" data-name=\"textarea-873\"><textarea cols=\"40\" rows=\"10\" maxlength=\"2000\" class=\"wpcf7-form-control wpcf7-textarea form-control\" id=\"textarea-873\" aria-invalid=\"false\" placeholder=\"Type Your Message\" name=\"textarea-873\"><\/textarea><\/span>\r\n        <\/div>\r\n        <div class=\"col-12 form-btn mt-4\">\r\n            <button class=\"th-btn\">Submit Message <span class=\"btn-icon\"><img decoding=\"async\" src=\"https:\/\/wordpress.themeholy.com\/realar\/wp-content\/uploads\/2024\/05\/paper-plane.svg\" alt=\"img\"><\/span><\/button>\r\n        <\/div>\r\n    <\/div>\r\n    <p class=\"form-messages mb-0 mt-3\"><\/p>\r\n<\/div><div class=\"wpcf7-response-output\" aria-hidden=\"true\"><\/div>\n<\/form>\n<\/div>\n<\/div>\t\t\t\t<\/div>\n\t\t\t\t<\/div>\n\t\t\t\t<\/div>\n\t\t<div class=\"elementor-element elementor-element-1f0f528 e-con-full location-map contact-sec-map e-flex e-con e-child\" data-id=\"1f0f528\" data-element_type=\"container\" data-e-type=\"container\">\n\t\t\t\t<div class=\"elementor-element elementor-element-67e817e elementor-widget elementor-widget-google_maps\" data-id=\"67e817e\" data-element_type=\"widget\" data-e-type=\"widget\" data-widget_type=\"google_maps.default\">\n\t\t\t\t\t\t\t<div class=\"elementor-custom-embed\">\n\t\t\t<iframe loading=\"lazy\"\n\t\t\t\t\tsrc=\"https:\/\/maps.google.com\/maps?q=Kavakl%C4%B1%20Mah.%20%C3%87a%C4%9F%20Sokak%20No%3A3%20Beylikd%C3%BCz%C3%BC%20%C4%B0stanbul&#038;t=m&#038;z=10&#038;output=embed&#038;iwloc=near\"\n\t\t\t\t\ttitle=\"Kavakl\u0131 Mah. \u00c7a\u011f Sokak No:3 Beylikd\u00fcz\u00fc \u0130stanbul\"\n\t\t\t\t\taria-label=\"Kavakl\u0131 Mah. \u00c7a\u011f Sokak No:3 Beylikd\u00fcz\u00fc \u0130stanbul\"\n\t\t\t><\/iframe>\n\t\t<\/div>\n\t\t\t\t\t\t<\/div>\n\t\t\t\t<\/div>\n\t\t\t\t\t<\/div>\n\t\t\t\t<\/div>\n\t\t\t\t<\/div>\n\t\t\t\t<\/div>\n\t\t","protected":false},"excerpt":{"rendered":"<p>Yal\u00e7\u0131nlar \u0130n\u015faat G\u00fc\u00e7l\u00fc Yap\u0131lar, Mutlu Ya\u015famlar \u0130leti\u015fim Bilgileri Kavakl\u0131 Mahallesi \u00c7a\u011f Sokak No:4 Daire: 3 Beylikd\u00fcz\u00fc \u0130stanbul Telefonlar +90 212 509 65 40 +90 212 694 05 04 E-Mail info@yalcinlarinsaat.tr \u00a0 \u0130leti\u015fime Ge\u00e7in Real EstateApartmentResidencialDeluxe Submit Message<\/p>\n","protected":false},"author":1,"featured_media":0,"parent":0,"menu_order":0,"comment_status":"closed","ping_status":"closed","template":"template-builder.php","meta":{"footnotes":""},"class_list":["post-2450","page","type-page","status-publish","hentry"],"_links":{"self":[{"href":"https:\/\/yalcinlarinsaat.tr\/index.php\/wp-json\/wp\/v2\/pages\/2450","targetHints":{"allow":["GET"]}}],"collection":[{"href":"https:\/\/yalcinlarinsaat.tr\/index.php\/wp-json\/wp\/v2\/pages"}],"about":[{"href":"https:\/\/yalcinlarinsaat.tr\/index.php\/wp-json\/wp\/v2\/types\/page"}],"author":[{"embeddable":true,"href":"https:\/\/yalcinlarinsaat.tr\/index.php\/wp-json\/wp\/v2\/users\/1"}],"replies":[{"embeddable":true,"href":"https:\/\/yalcinlarinsaat.tr\/index.php\/wp-json\/wp\/v2\/comments?post=2450"}],"version-history":[{"count":20,"href":"https:\/\/yalcinlarinsaat.tr\/index.php\/wp-json\/wp\/v2\/pages\/2450\/revisions"}],"predecessor-version":[{"id":4420,"href":"https:\/\/yalcinlarinsaat.tr\/index.php\/wp-json\/wp\/v2\/pages\/2450\/revisions\/4420"}],"wp:attachment":[{"href":"https:\/\/yalcinlarinsaat.tr\/index.php\/wp-json\/wp\/v2\/media?parent=2450"}],"curies":[{"name":"wp","href":"https:\/\/api.w.org\/{rel}","templated":true}]}}