{"id":2363,"date":"2025-06-24T06:32:45","date_gmt":"2025-06-24T06:32:45","guid":{"rendered":"https:\/\/wordpress.themehour.net\/builda\/?page_id=2363"},"modified":"2026-04-24T13:05:23","modified_gmt":"2026-04-24T10:05:23","slug":"ekibimiz","status":"publish","type":"page","link":"https:\/\/yalcinlarinsaat.tr\/index.php\/ekibimiz\/","title":{"rendered":"Ekibimiz"},"content":{"rendered":"\t\t<div data-elementor-type=\"wp-page\" data-elementor-id=\"2363\" class=\"elementor elementor-2363\">\n\t\t\t\t<div class=\"elementor-element elementor-element-686272c e-flex e-con-boxed e-con e-child\" data-id=\"686272c\" data-element_type=\"container\" data-e-type=\"container\" data-settings=\"{&quot;background_background&quot;:&quot;classic&quot;}\">\n\t\t\t\t\t<div class=\"e-con-inner\">\n\t\t<div class=\"elementor-element elementor-element-17ade60 e-con-full e-flex e-con e-child\" data-id=\"17ade60\" data-element_type=\"container\" data-e-type=\"container\">\n\t\t\t\t<div class=\"elementor-element elementor-element-d9d7314 elementor-widget elementor-widget-realarteam\" data-id=\"d9d7314\" data-element_type=\"widget\" data-e-type=\"widget\" data-widget_type=\"realarteam.default\">\n\t\t\t\t<div class=\"elementor-widget-container\">\n\t\t\t\t\t<div class=\"slider-area team-slider2\"><div class=\"row gy-30\"><!-- Single Item --><div class=\"col-lg-4 col-md-6\"><div class=\"th-team team-card style2\"><div class=\"img-wrap\"><div class=\"team-img\"><img decoding=\"async\" src=\"https:\/\/yalcinlarinsaat.tr\/wp-content\/uploads\/2026\/04\/p.png\" alt=\"p\"  \/><\/div><div class=\"th-social-wrap\"><div class=\"th-social\"><a  href=\"#\"><i class=\"fab fa-facebook\"><\/i><\/a><a  href=\"#\"><i class=\"fab fa-twitter\"><\/i><\/a><a  href=\"#\"><i class=\"fab fa-linkedin\"><\/i><\/a><a  href=\"#\"><i class=\"fab fa-instagram\"><\/i><\/a><a  href=\"#\"><i class=\"fab fa-youtube\"><\/i><\/a><\/div><a class=\"icon-btn\" href=\"\"><img decoding=\"async\" src=\"https:\/\/yalcinlarinsaat.tr\/wp-content\/plugins\/builda-core\/assets\/img\/arrow-right.svg\" alt=\"img\"><\/a><\/div><\/div><div class=\"team-card-content\"><div class=\"media-left\"><h3 class=\"box-title title\"><a href=\"\">Halis Yal\u00e7\u0131n<\/a><\/h3><span class=\"team-desig desig\">Yal\u00e7\u0131nlar \u0130n\u015faat Kurucusu<\/span><\/div><\/div><\/div><\/div><!-- Single Item --><div class=\"col-lg-4 col-md-6\"><div class=\"th-team team-card style2\"><div class=\"img-wrap\"><div class=\"team-img\"><img decoding=\"async\" src=\"https:\/\/yalcinlarinsaat.tr\/wp-content\/uploads\/2026\/04\/Yurdal-Yalcin-1.png\" alt=\"Yurdal Yalcin 1\"  \/><\/div><div class=\"th-social-wrap\"><div class=\"th-social\"><a  href=\"#\"><i class=\"fab fa-facebook\"><\/i><\/a><a  href=\"#\"><i class=\"fab fa-twitter\"><\/i><\/a><a  href=\"#\"><i class=\"fab fa-linkedin\"><\/i><\/a><a  href=\"#\"><i class=\"fab fa-instagram\"><\/i><\/a><a  href=\"#\"><i class=\"fab fa-youtube\"><\/i><\/a><\/div><a class=\"icon-btn\" href=\"\"><img decoding=\"async\" src=\"https:\/\/yalcinlarinsaat.tr\/wp-content\/plugins\/builda-core\/assets\/img\/arrow-right.svg\" alt=\"img\"><\/a><\/div><\/div><div class=\"team-card-content\"><div class=\"media-left\"><h3 class=\"box-title title\"><a href=\"\">Yurdal Yal\u00e7\u0131n<\/a><\/h3><span class=\"team-desig desig\">Y\u00f6netim Kurulu Ba\u015fkan\u0131<\/span><\/div><\/div><\/div><\/div><!-- Single Item --><div class=\"col-lg-4 col-md-6\"><div class=\"th-team team-card style2\"><div class=\"img-wrap\"><div class=\"team-img\"><img decoding=\"async\" src=\"https:\/\/yalcinlarinsaat.tr\/wp-content\/uploads\/2026\/04\/p.png\" alt=\"p\"  \/><\/div><div class=\"th-social-wrap\"><div class=\"th-social\"><a  href=\"#\"><i class=\"fab fa-facebook\"><\/i><\/a><a  href=\"#\"><i class=\"fab fa-twitter\"><\/i><\/a><a  href=\"#\"><i class=\"fab fa-linkedin\"><\/i><\/a><a  href=\"#\"><i class=\"fab fa-instagram\"><\/i><\/a><a  href=\"#\"><i class=\"fab fa-youtube\"><\/i><\/a><\/div><a class=\"icon-btn\" href=\"\"><img decoding=\"async\" src=\"https:\/\/yalcinlarinsaat.tr\/wp-content\/plugins\/builda-core\/assets\/img\/arrow-right.svg\" alt=\"img\"><\/a><\/div><\/div><div class=\"team-card-content\"><div class=\"media-left\"><h3 class=\"box-title title\"><a href=\"\">Yunus Yal\u00e7\u0131n<\/a><\/h3><span class=\"team-desig desig\">CEO - \u0130\u00e7 Mimar<\/span><\/div><\/div><\/div><\/div><!-- Single Item --><div class=\"col-lg-4 col-md-6\"><div class=\"th-team team-card style2\"><div class=\"img-wrap\"><div class=\"team-img\"><img decoding=\"async\" src=\"https:\/\/yalcinlarinsaat.tr\/wp-content\/uploads\/2026\/04\/p.png\" alt=\"p\"  \/><\/div><div class=\"th-social-wrap\"><div class=\"th-social\"><a  href=\"#\"><i class=\"fab fa-facebook\"><\/i><\/a><a  href=\"#\"><i class=\"fab fa-twitter\"><\/i><\/a><a  href=\"#\"><i class=\"fab fa-linkedin\"><\/i><\/a><a  href=\"#\"><i class=\"fab fa-instagram\"><\/i><\/a><a  href=\"#\"><i class=\"fab fa-youtube\"><\/i><\/a><\/div><a class=\"icon-btn\" href=\"\"><img decoding=\"async\" src=\"https:\/\/yalcinlarinsaat.tr\/wp-content\/plugins\/builda-core\/assets\/img\/arrow-right.svg\" alt=\"img\"><\/a><\/div><\/div><div class=\"team-card-content\"><div class=\"media-left\"><h3 class=\"box-title title\"><a href=\"\">Elif Sema Can<\/a><\/h3><span class=\"team-desig desig\">\u0130nsan Kaynaklar\u0131 - Mimar<\/span><\/div><\/div><\/div><\/div><!-- Single Item --><div class=\"col-lg-4 col-md-6\"><div class=\"th-team team-card style2\"><div class=\"img-wrap\"><div class=\"team-img\"><img decoding=\"async\" src=\"https:\/\/yalcinlarinsaat.tr\/wp-content\/uploads\/2026\/04\/p.png\" alt=\"p\"  \/><\/div><div class=\"th-social-wrap\"><div class=\"th-social\"><a  href=\"#\"><i class=\"fab fa-facebook\"><\/i><\/a><a  href=\"#\"><i class=\"fab fa-twitter\"><\/i><\/a><a  href=\"#\"><i class=\"fab fa-linkedin\"><\/i><\/a><a  href=\"#\"><i class=\"fab fa-instagram\"><\/i><\/a><a  href=\"#\"><i class=\"fab fa-youtube\"><\/i><\/a><\/div><a class=\"icon-btn\" href=\"\"><img decoding=\"async\" src=\"https:\/\/yalcinlarinsaat.tr\/wp-content\/plugins\/builda-core\/assets\/img\/arrow-right.svg\" alt=\"img\"><\/a><\/div><\/div><div class=\"team-card-content\"><div class=\"media-left\"><h3 class=\"box-title title\"><a href=\"\">Kerem \u00c7elenk<\/a><\/h3><span class=\"team-desig desig\">M\u00fchendis<\/span><\/div><\/div><\/div><\/div><!-- Single Item --><div class=\"col-lg-4 col-md-6\"><div class=\"th-team team-card style2\"><div class=\"img-wrap\"><div class=\"team-img\"><img decoding=\"async\" src=\"https:\/\/yalcinlarinsaat.tr\/wp-content\/uploads\/2026\/04\/p.png\" alt=\"p\"  \/><\/div><div class=\"th-social-wrap\"><div class=\"th-social\"><a  href=\"#\"><i class=\"fab fa-facebook\"><\/i><\/a><a  href=\"#\"><i class=\"fab fa-twitter\"><\/i><\/a><a  href=\"#\"><i class=\"fab fa-linkedin\"><\/i><\/a><a  href=\"#\"><i class=\"fab fa-instagram\"><\/i><\/a><a  href=\"#\"><i class=\"fab fa-youtube\"><\/i><\/a><\/div><a class=\"icon-btn\" href=\"\"><img decoding=\"async\" src=\"https:\/\/yalcinlarinsaat.tr\/wp-content\/plugins\/builda-core\/assets\/img\/arrow-right.svg\" alt=\"img\"><\/a><\/div><\/div><div class=\"team-card-content\"><div class=\"media-left\"><h3 class=\"box-title title\"><a href=\"\">\u0130brahim Kanbur<\/a><\/h3><span class=\"team-desig desig\">M\u00fchendis<\/span><\/div><\/div><\/div><\/div><!-- Single Item --><div class=\"col-lg-4 col-md-6\"><div class=\"th-team team-card style2\"><div class=\"img-wrap\"><div class=\"team-img\"><img decoding=\"async\" src=\"https:\/\/yalcinlarinsaat.tr\/wp-content\/uploads\/2026\/04\/p.png\" alt=\"p\"  \/><\/div><div class=\"th-social-wrap\"><div class=\"th-social\"><a  href=\"#\"><i class=\"fab fa-facebook\"><\/i><\/a><a  href=\"#\"><i class=\"fab fa-twitter\"><\/i><\/a><a  href=\"#\"><i class=\"fab fa-linkedin\"><\/i><\/a><a  href=\"#\"><i class=\"fab fa-instagram\"><\/i><\/a><a  href=\"#\"><i class=\"fab fa-youtube\"><\/i><\/a><\/div><a class=\"icon-btn\" href=\"\"><img decoding=\"async\" src=\"https:\/\/yalcinlarinsaat.tr\/wp-content\/plugins\/builda-core\/assets\/img\/arrow-right.svg\" alt=\"img\"><\/a><\/div><\/div><div class=\"team-card-content\"><div class=\"media-left\"><h3 class=\"box-title title\"><a href=\"\">Og\u00fcn Efe<\/a><\/h3><span class=\"team-desig desig\">M\u00fchendis<\/span><\/div><\/div><\/div><\/div><!-- Single Item --><div class=\"col-lg-4 col-md-6\"><div class=\"th-team team-card style2\"><div class=\"img-wrap\"><div class=\"team-img\"><img decoding=\"async\" src=\"https:\/\/yalcinlarinsaat.tr\/wp-content\/uploads\/2026\/04\/p.png\" alt=\"p\"  \/><\/div><div class=\"th-social-wrap\"><div class=\"th-social\"><a  href=\"#\"><i class=\"fab fa-facebook\"><\/i><\/a><a  href=\"#\"><i class=\"fab fa-twitter\"><\/i><\/a><a  href=\"#\"><i class=\"fab fa-linkedin\"><\/i><\/a><a  href=\"#\"><i class=\"fab fa-instagram\"><\/i><\/a><a  href=\"#\"><i class=\"fab fa-youtube\"><\/i><\/a><\/div><a class=\"icon-btn\" href=\"\"><img decoding=\"async\" src=\"https:\/\/yalcinlarinsaat.tr\/wp-content\/plugins\/builda-core\/assets\/img\/arrow-right.svg\" alt=\"img\"><\/a><\/div><\/div><div class=\"team-card-content\"><div class=\"media-left\"><h3 class=\"box-title title\"><a href=\"\">Ceren Yal\u00e7\u0131n<\/a><\/h3><span class=\"team-desig desig\">M\u00fchendis<\/span><\/div><\/div><\/div><\/div><!-- Single Item --><div class=\"col-lg-4 col-md-6\"><div class=\"th-team team-card style2\"><div class=\"img-wrap\"><div class=\"team-img\"><img decoding=\"async\" src=\"https:\/\/yalcinlarinsaat.tr\/wp-content\/uploads\/2026\/04\/p.png\" alt=\"p\"  \/><\/div><div class=\"th-social-wrap\"><div class=\"th-social\"><a  href=\"#\"><i class=\"fab fa-facebook\"><\/i><\/a><a  href=\"#\"><i class=\"fab fa-twitter\"><\/i><\/a><a  href=\"#\"><i class=\"fab fa-linkedin\"><\/i><\/a><a  href=\"#\"><i class=\"fab fa-instagram\"><\/i><\/a><a  href=\"#\"><i class=\"fab fa-youtube\"><\/i><\/a><\/div><a class=\"icon-btn\" href=\"\"><img decoding=\"async\" src=\"https:\/\/yalcinlarinsaat.tr\/wp-content\/plugins\/builda-core\/assets\/img\/arrow-right.svg\" alt=\"img\"><\/a><\/div><\/div><div class=\"team-card-content\"><div class=\"media-left\"><h3 class=\"box-title title\"><a href=\"\">Fatih Yal\u00e7\u0131n<\/a><\/h3><span class=\"team-desig desig\">Elektrik Elektronik M\u00fchendisi<\/span><\/div><\/div><\/div><\/div><\/div><\/div><\/div>\t\t\t\t<\/div>\n\t\t\t\t<\/div>\n\t\t\t\t<\/div>\n\t\t\t\t\t<\/div>\n\t\t\t\t<\/div>\n\t\t\t\t<\/div>\n\t\t","protected":false},"excerpt":{"rendered":"<p>Halis Yal\u00e7\u0131n Yal\u00e7\u0131nlar \u0130n\u015faat Kurucusu Yurdal Yal\u00e7\u0131n Y\u00f6netim Kurulu Ba\u015fkan\u0131 Yunus Yal\u00e7\u0131n CEO &#8211; \u0130\u00e7 Mimar Elif Sema Can \u0130nsan Kaynaklar\u0131 &#8211; Mimar Kerem \u00c7elenk M\u00fchendis \u0130brahim Kanbur M\u00fchendis Og\u00fcn Efe M\u00fchendis Ceren Yal\u00e7\u0131n M\u00fchendis Fatih Yal\u00e7\u0131n Elektrik Elektronik M\u00fchendisi<\/p>\n","protected":false},"author":1,"featured_media":0,"parent":0,"menu_order":0,"comment_status":"closed","ping_status":"closed","template":"template-builder.php","meta":{"footnotes":""},"class_list":["post-2363","page","type-page","status-publish","hentry"],"_links":{"self":[{"href":"https:\/\/yalcinlarinsaat.tr\/index.php\/wp-json\/wp\/v2\/pages\/2363","targetHints":{"allow":["GET"]}}],"collection":[{"href":"https:\/\/yalcinlarinsaat.tr\/index.php\/wp-json\/wp\/v2\/pages"}],"about":[{"href":"https:\/\/yalcinlarinsaat.tr\/index.php\/wp-json\/wp\/v2\/types\/page"}],"author":[{"embeddable":true,"href":"https:\/\/yalcinlarinsaat.tr\/index.php\/wp-json\/wp\/v2\/users\/1"}],"replies":[{"embeddable":true,"href":"https:\/\/yalcinlarinsaat.tr\/index.php\/wp-json\/wp\/v2\/comments?post=2363"}],"version-history":[{"count":11,"href":"https:\/\/yalcinlarinsaat.tr\/index.php\/wp-json\/wp\/v2\/pages\/2363\/revisions"}],"predecessor-version":[{"id":4973,"href":"https:\/\/yalcinlarinsaat.tr\/index.php\/wp-json\/wp\/v2\/pages\/2363\/revisions\/4973"}],"wp:attachment":[{"href":"https:\/\/yalcinlarinsaat.tr\/index.php\/wp-json\/wp\/v2\/media?parent=2363"}],"curies":[{"name":"wp","href":"https:\/\/api.w.org\/{rel}","templated":true}]}}