{"id":2347,"date":"2025-06-24T06:06:15","date_gmt":"2025-06-24T06:06:15","guid":{"rendered":"https:\/\/wordpress.themehour.net\/builda\/?page_id=2347"},"modified":"2026-04-23T11:04:39","modified_gmt":"2026-04-23T08:04:39","slug":"projeler","status":"publish","type":"page","link":"https:\/\/yalcinlarinsaat.tr\/index.php\/projeler\/","title":{"rendered":"Projeler"},"content":{"rendered":"\t\t<div data-elementor-type=\"wp-page\" data-elementor-id=\"2347\" class=\"elementor elementor-2347\">\n\t\t\t\t<div class=\"elementor-element elementor-element-112c759 e-flex e-con-boxed e-con e-parent\" data-id=\"112c759\" data-element_type=\"container\" data-e-type=\"container\">\n\t\t\t\t\t<div class=\"e-con-inner\">\n\t\t\t\t<div class=\"elementor-element elementor-element-705512a elementor-widget__width-inherit elementor-widget elementor-widget-realarproject\" data-id=\"705512a\" data-element_type=\"widget\" data-e-type=\"widget\" data-widget_type=\"realarproject.default\">\n\t\t\t\t<div class=\"elementor-widget-container\">\n\t\t\t\t\t<div class=\"row gy-40\"><div class=\"col-md-6 col-xl-4\"><div class=\"property-card7 style2\"><div class=\"property-card-thumb img-shine\"><img decoding=\"async\" src=\"https:\/\/yalcinlarinsaat.tr\/wp-content\/uploads\/2026\/04\/2-4.png\" alt=\"img\"><\/div><div class=\"property-card-details\"><div class=\"media-left\"><h4 class=\"property-card-title th_i_title\"><a href=\"#\">AK YAL\u00c7IN \u0130\u015e MERKEZ\u0130<\/a><\/h4><p class=\"property-card-subtitle\">Beylikd\u00fcz\u00fc Yakuplu Sanayi Projesi<\/p><\/div><div class=\"btn-wrap\"><a href=\"#\" class=\"icon-btn\"><img decoding=\"async\" src=\"https:\/\/yalcinlarinsaat.tr\/wp-content\/plugins\/builda-core\/assets\/img\/arrow-right.svg\" alt=\"\"><\/a><\/div><\/div><\/div><\/div><div class=\"col-md-6 col-xl-4\"><div class=\"property-card7 style2\"><div class=\"property-card-thumb img-shine\"><img decoding=\"async\" src=\"https:\/\/yalcinlarinsaat.tr\/wp-content\/uploads\/2026\/04\/1-5.png\" alt=\"img\"><\/div><div class=\"property-card-details\"><div class=\"media-left\"><h4 class=\"property-card-title th_i_title\"><a href=\"#\">HANZADE KONAKLARI<\/a><\/h4><p class=\"property-card-subtitle\">Silivri Hanzade Konaklar\u0131<\/p><\/div><div class=\"btn-wrap\"><a href=\"#\" class=\"icon-btn\"><img decoding=\"async\" src=\"https:\/\/yalcinlarinsaat.tr\/wp-content\/plugins\/builda-core\/assets\/img\/arrow-right.svg\" alt=\"\"><\/a><\/div><\/div><\/div><\/div><div class=\"col-md-6 col-xl-4\"><div class=\"property-card7 style2\"><div class=\"property-card-thumb img-shine\"><img decoding=\"async\" src=\"https:\/\/yalcinlarinsaat.tr\/wp-content\/uploads\/2026\/04\/3-2.png\" alt=\"img\"><\/div><div class=\"property-card-details\"><div class=\"media-left\"><h4 class=\"property-card-title th_i_title\"><a href=\"#\">HAZAL APARTMANI<\/a><\/h4><p class=\"property-card-subtitle\">Beylikd\u00fcz\u00fc Marmara Mahallesi<\/p><\/div><div class=\"btn-wrap\"><a href=\"#\" class=\"icon-btn\"><img decoding=\"async\" src=\"https:\/\/yalcinlarinsaat.tr\/wp-content\/plugins\/builda-core\/assets\/img\/arrow-right.svg\" alt=\"\"><\/a><\/div><\/div><\/div><\/div><div class=\"col-md-6 col-xl-4\"><div class=\"property-card7 style2\"><div class=\"property-card-thumb img-shine\"><img decoding=\"async\" src=\"https:\/\/yalcinlarinsaat.tr\/wp-content\/uploads\/2026\/04\/4-3.png\" alt=\"img\"><\/div><div class=\"property-card-details\"><div class=\"media-left\"><h4 class=\"property-card-title th_i_title\"><a href=\"#\">ELA APARTMANI<\/a><\/h4><p class=\"property-card-subtitle\">B\u00fcy\u00fck\u00e7ekmece P\u0131nartepe Mahallesi<\/p><\/div><div class=\"btn-wrap\"><a href=\"#\" class=\"icon-btn\"><img decoding=\"async\" src=\"https:\/\/yalcinlarinsaat.tr\/wp-content\/plugins\/builda-core\/assets\/img\/arrow-right.svg\" alt=\"\"><\/a><\/div><\/div><\/div><\/div><\/div>\t\t\t\t<\/div>\n\t\t\t\t<\/div>\n\t\t\t\t\t<\/div>\n\t\t\t\t<\/div>\n\t\t\t\t<\/div>\n\t\t","protected":false},"excerpt":{"rendered":"<p>AK YAL\u00c7IN \u0130\u015e MERKEZ\u0130 Beylikd\u00fcz\u00fc Yakuplu Sanayi Projesi HANZADE KONAKLARI Silivri Hanzade Konaklar\u0131 HAZAL APARTMANI Beylikd\u00fcz\u00fc Marmara Mahallesi ELA APARTMANI B\u00fcy\u00fck\u00e7ekmece P\u0131nartepe Mahallesi<\/p>\n","protected":false},"author":1,"featured_media":0,"parent":0,"menu_order":0,"comment_status":"closed","ping_status":"closed","template":"template-builder.php","meta":{"footnotes":""},"class_list":["post-2347","page","type-page","status-publish","hentry"],"_links":{"self":[{"href":"https:\/\/yalcinlarinsaat.tr\/index.php\/wp-json\/wp\/v2\/pages\/2347","targetHints":{"allow":["GET"]}}],"collection":[{"href":"https:\/\/yalcinlarinsaat.tr\/index.php\/wp-json\/wp\/v2\/pages"}],"about":[{"href":"https:\/\/yalcinlarinsaat.tr\/index.php\/wp-json\/wp\/v2\/types\/page"}],"author":[{"embeddable":true,"href":"https:\/\/yalcinlarinsaat.tr\/index.php\/wp-json\/wp\/v2\/users\/1"}],"replies":[{"embeddable":true,"href":"https:\/\/yalcinlarinsaat.tr\/index.php\/wp-json\/wp\/v2\/comments?post=2347"}],"version-history":[{"count":14,"href":"https:\/\/yalcinlarinsaat.tr\/index.php\/wp-json\/wp\/v2\/pages\/2347\/revisions"}],"predecessor-version":[{"id":4950,"href":"https:\/\/yalcinlarinsaat.tr\/index.php\/wp-json\/wp\/v2\/pages\/2347\/revisions\/4950"}],"wp:attachment":[{"href":"https:\/\/yalcinlarinsaat.tr\/index.php\/wp-json\/wp\/v2\/media?parent=2347"}],"curies":[{"name":"wp","href":"https:\/\/api.w.org\/{rel}","templated":true}]}}